{"id":4399,"date":"2024-12-27T09:43:36","date_gmt":"2024-12-27T08:43:36","guid":{"rendered":"https:\/\/lemanskills.com\/newsletter\/"},"modified":"2024-12-30T17:25:50","modified_gmt":"2024-12-30T16:25:50","slug":"pulse","status":"publish","type":"page","link":"https:\/\/lemanskills.com\/pl\/pulse\/","title":{"rendered":"Leadership Pulse"},"content":{"rendered":"\t\t<div data-elementor-type=\"wp-page\" data-elementor-id=\"4399\" class=\"elementor elementor-4399 elementor-4389\" data-elementor-post-type=\"page\">\n\t\t\t\t<div class=\"elementor-element elementor-element-81d02c4 e-flex e-con-boxed e-con e-parent\" data-id=\"81d02c4\" data-element_type=\"container\" data-e-type=\"container\" data-settings=\"{&quot;background_background&quot;:&quot;classic&quot;}\">\n\t\t\t\t\t<div class=\"e-con-inner\">\n\t\t<div class=\"elementor-element elementor-element-68b3cd3 e-con-full e-flex e-con e-child\" data-id=\"68b3cd3\" data-element_type=\"container\" data-e-type=\"container\">\n\t\t\t\t<div class=\"elementor-element elementor-element-bac428a elementor-widget elementor-widget-heading\" data-id=\"bac428a\" data-element_type=\"widget\" data-e-type=\"widget\" data-widget_type=\"heading.default\">\n\t\t\t\t\t<h1 class=\"elementor-heading-title elementor-size-default\">Leman Leadership Pulse is here!\u200b<\/h1>\t\t\t\t<\/div>\n\t\t\t\t<div class=\"elementor-element elementor-element-f97ab45 elementor-widget elementor-widget-text-editor\" data-id=\"f97ab45\" data-element_type=\"widget\" data-e-type=\"widget\" data-widget_type=\"text-editor.default\">\n\t\t\t\t\t\t\t\t\t<p>Chcesz zaoszcz\u0119dzi\u0107 czas i otrzyma\u0107 najlepsze wskaz\u00f3wki dotycz\u0105ce tego, jak by\u0107 Tech Leaderem\/k\u0105 przysz\u0142o\u015bci?<\/p>\t\t\t\t\t\t\t\t<\/div>\n\t\t\t\t<\/div>\n\t\t\t\t\t<\/div>\n\t\t\t\t<\/div>\n\t\t<div class=\"elementor-element elementor-element-7e76908 e-flex e-con-boxed e-con e-parent\" data-id=\"7e76908\" data-element_type=\"container\" data-e-type=\"container\" data-settings=\"{&quot;background_background&quot;:&quot;classic&quot;}\">\n\t\t\t\t\t<div class=\"e-con-inner\">\n\t\t<div class=\"elementor-element elementor-element-27e602a e-con-full e-flex e-con e-child\" data-id=\"27e602a\" data-element_type=\"container\" data-e-type=\"container\" data-settings=\"{&quot;background_background&quot;:&quot;classic&quot;}\">\n\t\t<div class=\"elementor-element elementor-element-8020741 email-subs e-flex e-con-boxed e-con e-child\" data-id=\"8020741\" data-element_type=\"container\" data-e-type=\"container\">\n\t\t\t\t\t<div class=\"e-con-inner\">\n\t\t\t\t<div class=\"elementor-element elementor-element-90eab65 elementor-widget elementor-widget-text-editor\" data-id=\"90eab65\" data-element_type=\"widget\" data-e-type=\"widget\" data-widget_type=\"text-editor.default\">\n\t\t\t\t\t\t\t\t\t<p><strong>Witam ci\u0119 w Leman Leadership Pulse!<\/strong><\/p><p>\u00a0<\/p><p>Czy jeste\u015b liderem\/k\u0105 technologicznym\/k\u0105 d\u0105\u017c\u0105cym\/\u0105 do doskona\u0142o\u015bci, ale przyt\u0142acza ci\u0119 niesko\u0144czono\u015b\u0107 informacji, kt\u00f3re mo\u017cesz znale\u017a\u0107 online?<\/p><p>\u00a0<\/p><p>Czy chcesz uzyska\u0107 dost\u0119p do wysokiej jako\u015bci wiedzy i do\u015bwiadcze\u0144 bez marnowania cennego czasu?<\/p><p>\u00a0<\/p><p>Zanurz si\u0119 w Leman Leadership Pulse, twoim cotygodniowym \u017ar\u00f3dle inspiracji i rozwoju. Ka\u017cdego tygodnia dostarczamy wyselekcjonowane tre\u015bci bezpo\u015brednio do twojej skrzynki mailowej, zaprojektowane specjalnie dla my\u015bl\u0105cych przysz\u0142o\u015bciowo lider\u00f3w\/ek, takich jak ty.<\/p><p>\u00a0<\/p><p><span style=\"text-decoration: underline;\"><strong>Co jest w \u015brodku?<\/strong><\/span><\/p><p>\u00a0<\/p><p>\u2022 Prowokuj\u0105ce <strong>pytania i spostrze\u017cenia<\/strong>, kt\u00f3re pobudz\u0105 twoj\u0105 zmian\u0119 podej\u015bcia do r\u00f3\u017cnych sytuacji liderskich<br \/>\u2022 Starannie wyselekcjonowana <strong>rekomendacja ksi\u0105\u017cek<\/strong>, \u017ceby pog\u0142\u0119bi\u0107 twoj\u0105 wiedz\u0119 i zestaw narz\u0119dzi do codziennego u\u017cywania w pracy z zespo\u0142ami<br \/>\u2022 Ekskluzywne <strong>artyku\u0142y i odcinki podcast\u00f3w<\/strong> oferuj\u0105ce bogate perspektywy na temat tego, jak by\u0107 liderem\/k\u0105, kt\u00f3rego\/ej ludzie nie nienawidz\u0105<br \/>\u2022 <strong>Bezp\u0142atne materia\u0142y do pracy liderskiej do pobrania<\/strong>, kt\u00f3re sprawi\u0105, \u017ce twoja podr\u00f3\u017c przyw\u00f3dcza nie b\u0119dzie m\u0119czarni\u0105, ale rozwojow\u0105 przyjemno\u015bci\u0105<\/p><p>\u00a0<\/p><p>Wyobra\u017a sobie, \u017ce otwierasz swojego maila, \u017ceby znale\u017a\u0107 mn\u00f3stwo cennych zasob\u00f3w, starannie dobranych tak, \u017ceby zapewni\u0107 ci bycie fantastycznym liderem\/k\u0105. Koniec z nieko\u0144cz\u0105cymi si\u0119 poszukiwaniami; tylko skoncentrowana nauka i celowy rozw\u00f3j. Do\u0142\u0105cz do spo\u0142eczno\u015bci Tech Leaders, kt\u00f3rzy ceni\u0105 sw\u00f3j czas i pragn\u0105 konkretnej, u\u017cytecznej wiedzy.<\/p><p>\u00a0<\/p><p>Wpisz si\u0119 na list\u0119 ju\u017c teraz i zmie\u0144 spos\u00f3b, w jaki zarz\u0105dzasz &#8211; sob\u0105 i swoim zespo\u0142em.<\/p><p>\u00a0<\/p><p>Czy jeste\u015b gotowy\/a, \u017ceby si\u0119 zainspirowa\u0107 i realnie zmieni\u0107 to, jak dzia\u0142asz z innymi?<\/p><p>\u00a0<\/p><p><strong>Wpisz sw\u00f3j adres e-mail poni\u017cej i zacznij otrzymywa\u0107 cotygodniow\u0105 dawk\u0119 m\u0105dro\u015bci przyw\u00f3dczej!<\/strong><\/p><p>\u00a0<\/p><p>\u00a0<\/p>\t\t\t\t\t\t\t\t<\/div>\n\t\t\t\t<div class=\"elementor-element elementor-element-c1d4d4b elementor-widget__width-initial elementor-widget elementor-widget-html\" data-id=\"c1d4d4b\" data-element_type=\"widget\" data-e-type=\"widget\" data-widget_type=\"html.default\">\n\t\t\t\t\t<form id=\"newsletter\">\n    <div>\n        <input type=\"text\" name=\"name\" placeholder=\"Twoje imi\u0119\" required=\"true\" class=\"form-element\" \/>\n    <\/div>\n    <div>\n        <input type=\"email\" name=\"email\" placeholder=\"Tw\u00f3j email\" required=\"true\" class=\"form-element\" \/>\n    <\/div>\n    <div>\n        <input type=\"submit\" value=\"Zapisz mnie!\" class=\"submit-action\">\n    <\/div>\n    <div id=\"form-success\">\n        Dzi\u0119kuj\u0119 za zapisanie\n    <\/div>\n    <div id=\"form-error\">\n       Wyst\u0105pi\u0142 b\u0142\u0105d. Spr\u00f3buj ponownie.\n    <\/div>\n<\/form>\n<style>\n    .form-element {\n        width: 400px;\n        border-radius: 40px;\n        height: 45px;\n        padding-left: 20px;\n        font-size: 1rem;\n        margin-bottom: 1rem;\n        background: #f2f2f2;\n        border: 0;\n    }\n    .submit-action {\n            transition: all .3s ease;\n            width: 100%;\n            padding: 0;\n            margin: 0;\n            border-radius: 40px;\n            height: 45px;\n            background-color: #00d0d7;\n            color: #000;\n            font-weight: 600;\n            font-size: 1rem;\n             border: 0;\n    }\n    #form-success {\n        color: #fff;\n        font-family: \"Ubuntu\", Sans-serif;\n        margin-top: 1rem;\n        display: none;\n    }\n    #form-success.show {\n        display: block;\n    }\n    #form-error {\n        color: #fff;\n        font-family: \"Ubuntu\", Sans-serif;\n        margin-top: 1rem;\n        display: none;\n    }\n    #form-error.show {\n        display: block;\n    }\n<\/style>\n<script>\n    document.getElementById('newsletter').addEventListener('submit', function(e) {\n        e.preventDefault();\n        document.getElementById(\"form-error\").classList.remove(\"show\");\n        document.getElementById(\"form-success\").classList.remove(\"show\");\n        \n\n        const email = e.target.elements['email'].value;\n        const name = e.target.elements['name'].value;\n\n\n        fetch('https:\/\/services.leadconnectorhq.com\/hooks\/06ejYHFDLtel5Saobfb7\/webhook-trigger\/3943101d-2543-4535-9d86-0095c6a41229', {\n            method: 'POST',\n            headers: {\n                'Content-Type': 'application\/json'\n            },\n            body: JSON.stringify({ email: email, name: name })\n        })\n        .then(response => {\n            if (response.ok) {\n                document.getElementById(\"form-success\").classList.add(\"show\");\n            } else {\n               document.getElementById(\"form-error\").classList.add(\"show\");\n            }\n        })\n        .catch(error => {\n            console.error('Error:', error);\n            document.getElementById(\"form-error\").classList.add(\"show\");\n        });\n    });\n<\/script>\t\t\t\t<\/div>\n\t\t\t\t\t<\/div>\n\t\t\t\t<\/div>\n\t\t\t\t<\/div>\n\t\t\t\t\t<\/div>\n\t\t\t\t<\/div>\n\t\t\t\t<\/div>\n\t\t","protected":false},"excerpt":{"rendered":"<p>Leman Leadership Pulse is here!\u200b Chcesz zaoszcz\u0119dzi\u0107 czas i otrzyma\u0107 najlepsze wskaz\u00f3wki dotycz\u0105ce tego, jak by\u0107 Tech Leaderem\/k\u0105 przysz\u0142o\u015bci? Witam ci\u0119 w Leman Leadership Pulse! \u00a0 Czy jeste\u015b liderem\/k\u0105 technologicznym\/k\u0105 d\u0105\u017c\u0105cym\/\u0105 do doskona\u0142o\u015bci, ale przyt\u0142acza ci\u0119 niesko\u0144czono\u015b\u0107 informacji, kt\u00f3re mo\u017cesz znale\u017a\u0107 online? \u00a0 Czy chcesz uzyska\u0107 dost\u0119p do wysokiej jako\u015bci wiedzy i do\u015bwiadcze\u0144 bez marnowania [&hellip;]<\/p>\n","protected":false},"author":8,"featured_media":0,"parent":0,"menu_order":0,"comment_status":"closed","ping_status":"closed","template":"","meta":{"footnotes":""},"class_list":["post-4399","page","type-page","status-publish","hentry"],"yoast_head":"<!-- This site is optimized with the Yoast SEO plugin v27.4 - https:\/\/yoast.com\/product\/yoast-seo-wordpress\/ -->\n<title>Leadership Pulse - Lemanskills.com<\/title>\n<meta name=\"robots\" content=\"index, follow, max-snippet:-1, max-image-preview:large, max-video-preview:-1\" \/>\n<link rel=\"canonical\" href=\"https:\/\/lemanskills.com\/pl\/pulse\/\" \/>\n<meta property=\"og:locale\" content=\"pl_PL\" \/>\n<meta property=\"og:type\" content=\"article\" \/>\n<meta property=\"og:title\" content=\"Leadership Pulse - Lemanskills.com\" \/>\n<meta property=\"og:description\" content=\"Leman Leadership Pulse is here!\u200b Chcesz zaoszcz\u0119dzi\u0107 czas i otrzyma\u0107 najlepsze wskaz\u00f3wki dotycz\u0105ce tego, jak by\u0107 Tech Leaderem\/k\u0105 przysz\u0142o\u015bci? Witam ci\u0119 w Leman Leadership Pulse! \u00a0 Czy jeste\u015b liderem\/k\u0105 technologicznym\/k\u0105 d\u0105\u017c\u0105cym\/\u0105 do doskona\u0142o\u015bci, ale przyt\u0142acza ci\u0119 niesko\u0144czono\u015b\u0107 informacji, kt\u00f3re mo\u017cesz znale\u017a\u0107 online? \u00a0 Czy chcesz uzyska\u0107 dost\u0119p do wysokiej jako\u015bci wiedzy i do\u015bwiadcze\u0144 bez marnowania [&hellip;]\" \/>\n<meta property=\"og:url\" content=\"https:\/\/lemanskills.com\/pl\/pulse\/\" \/>\n<meta property=\"og:site_name\" content=\"Lemanskills.com\" \/>\n<meta property=\"article:modified_time\" content=\"2024-12-30T16:25:50+00:00\" \/>\n<meta name=\"twitter:card\" content=\"summary_large_image\" \/>\n<meta name=\"twitter:label1\" content=\"Szacowany czas czytania\" \/>\n\t<meta name=\"twitter:data1\" content=\"2 minuty\" \/>\n<script type=\"application\/ld+json\" class=\"yoast-schema-graph\">{\"@context\":\"https:\\\/\\\/schema.org\",\"@graph\":[{\"@type\":\"WebPage\",\"@id\":\"https:\\\/\\\/lemanskills.com\\\/pl\\\/pulse\\\/\",\"url\":\"https:\\\/\\\/lemanskills.com\\\/pl\\\/pulse\\\/\",\"name\":\"Leadership Pulse - Lemanskills.com\",\"isPartOf\":{\"@id\":\"https:\\\/\\\/lemanskills.com\\\/pl\\\/#website\"},\"datePublished\":\"2024-12-27T08:43:36+00:00\",\"dateModified\":\"2024-12-30T16:25:50+00:00\",\"breadcrumb\":{\"@id\":\"https:\\\/\\\/lemanskills.com\\\/pl\\\/pulse\\\/#breadcrumb\"},\"inLanguage\":\"pl-PL\",\"potentialAction\":[{\"@type\":\"ReadAction\",\"target\":[\"https:\\\/\\\/lemanskills.com\\\/pl\\\/pulse\\\/\"]}]},{\"@type\":\"BreadcrumbList\",\"@id\":\"https:\\\/\\\/lemanskills.com\\\/pl\\\/pulse\\\/#breadcrumb\",\"itemListElement\":[{\"@type\":\"ListItem\",\"position\":1,\"name\":\"Strona g\u0142\u00f3wna\",\"item\":\"https:\\\/\\\/lemanskills.com\\\/pl\\\/\"},{\"@type\":\"ListItem\",\"position\":2,\"name\":\"Leadership Pulse\"}]},{\"@type\":\"WebSite\",\"@id\":\"https:\\\/\\\/lemanskills.com\\\/pl\\\/#website\",\"url\":\"https:\\\/\\\/lemanskills.com\\\/pl\\\/\",\"name\":\"Lemanskills.com\",\"description\":\"\",\"publisher\":{\"@id\":\"https:\\\/\\\/lemanskills.com\\\/pl\\\/#organization\"},\"potentialAction\":[{\"@type\":\"SearchAction\",\"target\":{\"@type\":\"EntryPoint\",\"urlTemplate\":\"https:\\\/\\\/lemanskills.com\\\/pl\\\/?s={search_term_string}\"},\"query-input\":{\"@type\":\"PropertyValueSpecification\",\"valueRequired\":true,\"valueName\":\"search_term_string\"}}],\"inLanguage\":\"pl-PL\"},{\"@type\":\"Organization\",\"@id\":\"https:\\\/\\\/lemanskills.com\\\/pl\\\/#organization\",\"name\":\"Lemanskills.com\",\"url\":\"https:\\\/\\\/lemanskills.com\\\/pl\\\/\",\"logo\":{\"@type\":\"ImageObject\",\"inLanguage\":\"pl-PL\",\"@id\":\"https:\\\/\\\/lemanskills.com\\\/pl\\\/#\\\/schema\\\/logo\\\/image\\\/\",\"url\":\"https:\\\/\\\/lemanskills.com\\\/wp-content\\\/uploads\\\/LemanSkills-Logo-Black.svg\",\"contentUrl\":\"https:\\\/\\\/lemanskills.com\\\/wp-content\\\/uploads\\\/LemanSkills-Logo-Black.svg\",\"width\":3080,\"height\":812,\"caption\":\"Lemanskills.com\"},\"image\":{\"@id\":\"https:\\\/\\\/lemanskills.com\\\/pl\\\/#\\\/schema\\\/logo\\\/image\\\/\"}}]}<\/script>\n<!-- \/ Yoast SEO plugin. -->","yoast_head_json":{"title":"Leadership Pulse - Lemanskills.com","robots":{"index":"index","follow":"follow","max-snippet":"max-snippet:-1","max-image-preview":"max-image-preview:large","max-video-preview":"max-video-preview:-1"},"canonical":"https:\/\/lemanskills.com\/pl\/pulse\/","og_locale":"pl_PL","og_type":"article","og_title":"Leadership Pulse - Lemanskills.com","og_description":"Leman Leadership Pulse is here!\u200b Chcesz zaoszcz\u0119dzi\u0107 czas i otrzyma\u0107 najlepsze wskaz\u00f3wki dotycz\u0105ce tego, jak by\u0107 Tech Leaderem\/k\u0105 przysz\u0142o\u015bci? Witam ci\u0119 w Leman Leadership Pulse! \u00a0 Czy jeste\u015b liderem\/k\u0105 technologicznym\/k\u0105 d\u0105\u017c\u0105cym\/\u0105 do doskona\u0142o\u015bci, ale przyt\u0142acza ci\u0119 niesko\u0144czono\u015b\u0107 informacji, kt\u00f3re mo\u017cesz znale\u017a\u0107 online? \u00a0 Czy chcesz uzyska\u0107 dost\u0119p do wysokiej jako\u015bci wiedzy i do\u015bwiadcze\u0144 bez marnowania [&hellip;]","og_url":"https:\/\/lemanskills.com\/pl\/pulse\/","og_site_name":"Lemanskills.com","article_modified_time":"2024-12-30T16:25:50+00:00","twitter_card":"summary_large_image","twitter_misc":{"Szacowany czas czytania":"2 minuty"},"schema":{"@context":"https:\/\/schema.org","@graph":[{"@type":"WebPage","@id":"https:\/\/lemanskills.com\/pl\/pulse\/","url":"https:\/\/lemanskills.com\/pl\/pulse\/","name":"Leadership Pulse - Lemanskills.com","isPartOf":{"@id":"https:\/\/lemanskills.com\/pl\/#website"},"datePublished":"2024-12-27T08:43:36+00:00","dateModified":"2024-12-30T16:25:50+00:00","breadcrumb":{"@id":"https:\/\/lemanskills.com\/pl\/pulse\/#breadcrumb"},"inLanguage":"pl-PL","potentialAction":[{"@type":"ReadAction","target":["https:\/\/lemanskills.com\/pl\/pulse\/"]}]},{"@type":"BreadcrumbList","@id":"https:\/\/lemanskills.com\/pl\/pulse\/#breadcrumb","itemListElement":[{"@type":"ListItem","position":1,"name":"Strona g\u0142\u00f3wna","item":"https:\/\/lemanskills.com\/pl\/"},{"@type":"ListItem","position":2,"name":"Leadership Pulse"}]},{"@type":"WebSite","@id":"https:\/\/lemanskills.com\/pl\/#website","url":"https:\/\/lemanskills.com\/pl\/","name":"Lemanskills.com","description":"","publisher":{"@id":"https:\/\/lemanskills.com\/pl\/#organization"},"potentialAction":[{"@type":"SearchAction","target":{"@type":"EntryPoint","urlTemplate":"https:\/\/lemanskills.com\/pl\/?s={search_term_string}"},"query-input":{"@type":"PropertyValueSpecification","valueRequired":true,"valueName":"search_term_string"}}],"inLanguage":"pl-PL"},{"@type":"Organization","@id":"https:\/\/lemanskills.com\/pl\/#organization","name":"Lemanskills.com","url":"https:\/\/lemanskills.com\/pl\/","logo":{"@type":"ImageObject","inLanguage":"pl-PL","@id":"https:\/\/lemanskills.com\/pl\/#\/schema\/logo\/image\/","url":"https:\/\/lemanskills.com\/wp-content\/uploads\/LemanSkills-Logo-Black.svg","contentUrl":"https:\/\/lemanskills.com\/wp-content\/uploads\/LemanSkills-Logo-Black.svg","width":3080,"height":812,"caption":"Lemanskills.com"},"image":{"@id":"https:\/\/lemanskills.com\/pl\/#\/schema\/logo\/image\/"}}]}},"_links":{"self":[{"href":"https:\/\/lemanskills.com\/pl\/wp-json\/wp\/v2\/pages\/4399","targetHints":{"allow":["GET"]}}],"collection":[{"href":"https:\/\/lemanskills.com\/pl\/wp-json\/wp\/v2\/pages"}],"about":[{"href":"https:\/\/lemanskills.com\/pl\/wp-json\/wp\/v2\/types\/page"}],"author":[{"embeddable":true,"href":"https:\/\/lemanskills.com\/pl\/wp-json\/wp\/v2\/users\/8"}],"replies":[{"embeddable":true,"href":"https:\/\/lemanskills.com\/pl\/wp-json\/wp\/v2\/comments?post=4399"}],"version-history":[{"count":20,"href":"https:\/\/lemanskills.com\/pl\/wp-json\/wp\/v2\/pages\/4399\/revisions"}],"predecessor-version":[{"id":4437,"href":"https:\/\/lemanskills.com\/pl\/wp-json\/wp\/v2\/pages\/4399\/revisions\/4437"}],"wp:attachment":[{"href":"https:\/\/lemanskills.com\/pl\/wp-json\/wp\/v2\/media?parent=4399"}],"curies":[{"name":"wp","href":"https:\/\/api.w.org\/{rel}","templated":true}]}}