{"id":3403,"date":"2023-12-06T17:28:53","date_gmt":"2023-12-06T16:28:53","guid":{"rendered":"https:\/\/lemanskills.com\/my-blog\/"},"modified":"2024-04-30T14:39:36","modified_gmt":"2024-04-30T12:39:36","slug":"moj-blog","status":"publish","type":"page","link":"https:\/\/lemanskills.com\/pl\/moj-blog\/","title":{"rendered":"Blog"},"content":{"rendered":"\t\t<div data-elementor-type=\"wp-page\" data-elementor-id=\"3403\" class=\"elementor elementor-3403 elementor-2051\" data-elementor-post-type=\"page\">\n\t\t\t\t<div class=\"elementor-element elementor-element-f6f4540 e-flex e-con-boxed e-con e-parent\" data-id=\"f6f4540\" data-element_type=\"container\" data-e-type=\"container\">\n\t\t\t\t\t<div class=\"e-con-inner\">\n\t\t\t\t<div class=\"elementor-element elementor-element-ccb2ff4 elementor-widget-divider--view-line elementor-widget elementor-widget-divider\" data-id=\"ccb2ff4\" data-element_type=\"widget\" data-e-type=\"widget\" data-widget_type=\"divider.default\">\n\t\t\t\t\t\t\t<div class=\"elementor-divider\">\n\t\t\t<span class=\"elementor-divider-separator\">\n\t\t\t\t\t\t<\/span>\n\t\t<\/div>\n\t\t\t\t\t\t<\/div>\n\t\t\t\t<div class=\"elementor-element elementor-element-9c202fe elementor-widget elementor-widget-heading\" data-id=\"9c202fe\" data-element_type=\"widget\" data-e-type=\"widget\" data-widget_type=\"heading.default\">\n\t\t\t\t\t<h1 class=\"elementor-heading-title elementor-size-default\">Witaj na moim blogu!<\/h1>\t\t\t\t<\/div>\n\t\t\t\t<div class=\"elementor-element elementor-element-f2180da elementor-widget elementor-widget-text-editor\" data-id=\"f2180da\" data-element_type=\"widget\" data-e-type=\"widget\" data-widget_type=\"text-editor.default\">\n\t\t\t\t\t\t\t\t\t<p>Wielcy liderzy ucz\u0105 nas cennych lekcji, kt\u00f3re mog\u0105 by\u0107 pot\u0119\u017cnym wsparciem w Twojej drodze leadershipowej.<\/p><p>\u00a0<\/p><p>Chc\u0119 dzieli\u0107 si\u0119 z Tob\u0105 m\u0105dro\u015bci\u0105 i do\u015bwiadczeniem najlepszych, \u017ceby inspirowa\u0107 i pom\u00f3c Ci osi\u0105gn\u0105\u0107 pe\u0142en potencja\u0142 liderski.<\/p><p>B\u0105d\u017a na bie\u017c\u0105co z najnowszymi trendami w zarz\u0105dzaniu zespo\u0142em, rozwi\u0105zywaniu<br \/>konflikt\u00f3w i motywowaniu pracownik\u00f3w. A przede wszystkim \u2013 zosta\u0144 liderem\/k\u0105,<br \/>kt\u00f3rym pragniesz by\u0107 dla swoich ludzi!<\/p>\t\t\t\t\t\t\t\t<\/div>\n\t\t\t\t\t<\/div>\n\t\t\t\t<\/div>\n\t\t<div class=\"elementor-element elementor-element-9d64e4b e-flex e-con-boxed e-con e-parent\" data-id=\"9d64e4b\" data-element_type=\"container\" data-e-type=\"container\">\n\t\t\t\t\t<div class=\"e-con-inner\">\n\t\t\t\t<div class=\"elementor-element elementor-element-abada3c elementor-widget elementor-widget-spacer\" data-id=\"abada3c\" data-element_type=\"widget\" data-e-type=\"widget\" data-widget_type=\"spacer.default\">\n\t\t\t\t\t\t\t<div class=\"elementor-spacer\">\n\t\t\t<div class=\"elementor-spacer-inner\"><\/div>\n\t\t<\/div>\n\t\t\t\t\t\t<\/div>\n\t\t\t\t<div class=\"elementor-element elementor-element-af37b2b elementor-widget-divider--view-line elementor-widget elementor-widget-divider\" data-id=\"af37b2b\" data-element_type=\"widget\" data-e-type=\"widget\" data-widget_type=\"divider.default\">\n\t\t\t\t\t\t\t<div class=\"elementor-divider\">\n\t\t\t<span class=\"elementor-divider-separator\">\n\t\t\t\t\t\t<\/span>\n\t\t<\/div>\n\t\t\t\t\t\t<\/div>\n\t\t\t\t<div class=\"elementor-element elementor-element-3b72580 elementor-widget elementor-widget-heading\" data-id=\"3b72580\" data-element_type=\"widget\" data-e-type=\"widget\" data-widget_type=\"heading.default\">\n\t\t\t\t\t<h2 class=\"elementor-heading-title elementor-size-default\">Sk\u0105d czerpi\u0119 inspiracj\u0119?<\/h2>\t\t\t\t<\/div>\n\t\t\t\t<div class=\"elementor-element elementor-element-0b86a98 elementor-widget elementor-widget-text-editor\" data-id=\"0b86a98\" data-element_type=\"widget\" data-e-type=\"widget\" data-widget_type=\"text-editor.default\">\n\t\t\t\t\t\t\t\t\t<p>Wiele wa\u017cnych lekcji pochodzi od wielkich lider\u00f3w i pot\u0119\u017cnych bohater\u00f3w. <br \/>Z przyjemno\u015bci\u0105 podziel\u0119 si\u0119 tym, co sama odkrywam, \u017ceby\u015bcie mogli z wi\u0119ksz\u0105 \u0142atwo\u015bci\u0105 <br \/>i oszcz\u0119dno\u015bci\u0105 czasu budowa\u0107 swoj\u0105 \u015bcie\u017ck\u0119 jako liderzy\/ki.<\/p>\t\t\t\t\t\t\t\t<\/div>\n\t\t\t\t\t<\/div>\n\t\t\t\t<\/div>\n\t\t<div class=\"elementor-element elementor-element-c550a13 e-flex e-con-boxed e-con e-parent\" data-id=\"c550a13\" data-element_type=\"container\" data-e-type=\"container\">\n\t\t\t\t\t<div class=\"e-con-inner\">\n\t\t\t\t\t<\/div>\n\t\t\t\t<\/div>\n\t\t\t\t<\/div>\n\t\t","protected":false},"excerpt":{"rendered":"<p>Witaj na moim blogu! Wielcy liderzy ucz\u0105 nas cennych lekcji, kt\u00f3re mog\u0105 by\u0107 pot\u0119\u017cnym wsparciem w Twojej drodze leadershipowej. \u00a0 Chc\u0119 dzieli\u0107 si\u0119 z Tob\u0105 m\u0105dro\u015bci\u0105 i do\u015bwiadczeniem najlepszych, \u017ceby inspirowa\u0107 i pom\u00f3c Ci osi\u0105gn\u0105\u0107 pe\u0142en potencja\u0142 liderski. B\u0105d\u017a na bie\u017c\u0105co z najnowszymi trendami w zarz\u0105dzaniu zespo\u0142em, rozwi\u0105zywaniukonflikt\u00f3w i motywowaniu pracownik\u00f3w. A przede wszystkim \u2013 [&hellip;]<\/p>\n","protected":false},"author":11,"featured_media":0,"parent":0,"menu_order":0,"comment_status":"closed","ping_status":"closed","template":"","meta":{"footnotes":""},"class_list":["post-3403","page","type-page","status-publish","hentry"],"yoast_head":"<!-- This site is optimized with the Yoast SEO plugin v27.4 - https:\/\/yoast.com\/product\/yoast-seo-wordpress\/ -->\n<title>Blog - Lemanskills.com<\/title>\n<meta name=\"robots\" content=\"index, follow, max-snippet:-1, max-image-preview:large, max-video-preview:-1\" \/>\n<link rel=\"canonical\" href=\"https:\/\/lemanskills.com\/pl\/moj-blog\/\" \/>\n<meta property=\"og:locale\" content=\"pl_PL\" \/>\n<meta property=\"og:type\" content=\"article\" \/>\n<meta property=\"og:title\" content=\"Blog - Lemanskills.com\" \/>\n<meta property=\"og:description\" content=\"Witaj na moim blogu! Wielcy liderzy ucz\u0105 nas cennych lekcji, kt\u00f3re mog\u0105 by\u0107 pot\u0119\u017cnym wsparciem w Twojej drodze leadershipowej. \u00a0 Chc\u0119 dzieli\u0107 si\u0119 z Tob\u0105 m\u0105dro\u015bci\u0105 i do\u015bwiadczeniem najlepszych, \u017ceby inspirowa\u0107 i pom\u00f3c Ci osi\u0105gn\u0105\u0107 pe\u0142en potencja\u0142 liderski. B\u0105d\u017a na bie\u017c\u0105co z najnowszymi trendami w zarz\u0105dzaniu zespo\u0142em, rozwi\u0105zywaniukonflikt\u00f3w i motywowaniu pracownik\u00f3w. A przede wszystkim \u2013 [&hellip;]\" \/>\n<meta property=\"og:url\" content=\"https:\/\/lemanskills.com\/pl\/moj-blog\/\" \/>\n<meta property=\"og:site_name\" content=\"Lemanskills.com\" \/>\n<meta property=\"article:modified_time\" content=\"2024-04-30T12:39:36+00:00\" \/>\n<meta property=\"og:image\" content=\"https:\/\/lemanskills.com\/wp-content\/uploads\/5-Leaders-Challenges_PL_2023_06_07.png\" \/>\n<meta name=\"twitter:card\" content=\"summary_large_image\" \/>\n<meta name=\"twitter:label1\" content=\"Szacowany czas czytania\" \/>\n\t<meta name=\"twitter:data1\" content=\"4 minuty\" \/>\n<script type=\"application\/ld+json\" class=\"yoast-schema-graph\">{\"@context\":\"https:\\\/\\\/schema.org\",\"@graph\":[{\"@type\":\"WebPage\",\"@id\":\"https:\\\/\\\/lemanskills.com\\\/pl\\\/moj-blog\\\/\",\"url\":\"https:\\\/\\\/lemanskills.com\\\/pl\\\/moj-blog\\\/\",\"name\":\"Blog - Lemanskills.com\",\"isPartOf\":{\"@id\":\"https:\\\/\\\/lemanskills.com\\\/pl\\\/#website\"},\"primaryImageOfPage\":{\"@id\":\"https:\\\/\\\/lemanskills.com\\\/pl\\\/moj-blog\\\/#primaryimage\"},\"image\":{\"@id\":\"https:\\\/\\\/lemanskills.com\\\/pl\\\/moj-blog\\\/#primaryimage\"},\"thumbnailUrl\":\"https:\\\/\\\/lemanskills.com\\\/wp-content\\\/uploads\\\/5-Leaders-Challenges_PL_2023_06_07.png\",\"datePublished\":\"2023-12-06T16:28:53+00:00\",\"dateModified\":\"2024-04-30T12:39:36+00:00\",\"breadcrumb\":{\"@id\":\"https:\\\/\\\/lemanskills.com\\\/pl\\\/moj-blog\\\/#breadcrumb\"},\"inLanguage\":\"pl-PL\",\"potentialAction\":[{\"@type\":\"ReadAction\",\"target\":[\"https:\\\/\\\/lemanskills.com\\\/pl\\\/moj-blog\\\/\"]}]},{\"@type\":\"ImageObject\",\"inLanguage\":\"pl-PL\",\"@id\":\"https:\\\/\\\/lemanskills.com\\\/pl\\\/moj-blog\\\/#primaryimage\",\"url\":\"https:\\\/\\\/lemanskills.com\\\/wp-content\\\/uploads\\\/5-Leaders-Challenges_PL_2023_06_07.png\",\"contentUrl\":\"https:\\\/\\\/lemanskills.com\\\/wp-content\\\/uploads\\\/5-Leaders-Challenges_PL_2023_06_07.png\"},{\"@type\":\"BreadcrumbList\",\"@id\":\"https:\\\/\\\/lemanskills.com\\\/pl\\\/moj-blog\\\/#breadcrumb\",\"itemListElement\":[{\"@type\":\"ListItem\",\"position\":1,\"name\":\"Strona g\u0142\u00f3wna\",\"item\":\"https:\\\/\\\/lemanskills.com\\\/pl\\\/\"},{\"@type\":\"ListItem\",\"position\":2,\"name\":\"Blog\"}]},{\"@type\":\"WebSite\",\"@id\":\"https:\\\/\\\/lemanskills.com\\\/pl\\\/#website\",\"url\":\"https:\\\/\\\/lemanskills.com\\\/pl\\\/\",\"name\":\"Lemanskills.com\",\"description\":\"\",\"publisher\":{\"@id\":\"https:\\\/\\\/lemanskills.com\\\/pl\\\/#organization\"},\"potentialAction\":[{\"@type\":\"SearchAction\",\"target\":{\"@type\":\"EntryPoint\",\"urlTemplate\":\"https:\\\/\\\/lemanskills.com\\\/pl\\\/?s={search_term_string}\"},\"query-input\":{\"@type\":\"PropertyValueSpecification\",\"valueRequired\":true,\"valueName\":\"search_term_string\"}}],\"inLanguage\":\"pl-PL\"},{\"@type\":\"Organization\",\"@id\":\"https:\\\/\\\/lemanskills.com\\\/pl\\\/#organization\",\"name\":\"Lemanskills.com\",\"url\":\"https:\\\/\\\/lemanskills.com\\\/pl\\\/\",\"logo\":{\"@type\":\"ImageObject\",\"inLanguage\":\"pl-PL\",\"@id\":\"https:\\\/\\\/lemanskills.com\\\/pl\\\/#\\\/schema\\\/logo\\\/image\\\/\",\"url\":\"https:\\\/\\\/lemanskills.com\\\/wp-content\\\/uploads\\\/LemanSkills-Logo-Black.svg\",\"contentUrl\":\"https:\\\/\\\/lemanskills.com\\\/wp-content\\\/uploads\\\/LemanSkills-Logo-Black.svg\",\"width\":3080,\"height\":812,\"caption\":\"Lemanskills.com\"},\"image\":{\"@id\":\"https:\\\/\\\/lemanskills.com\\\/pl\\\/#\\\/schema\\\/logo\\\/image\\\/\"}}]}<\/script>\n<!-- \/ Yoast SEO plugin. -->","yoast_head_json":{"title":"Blog - Lemanskills.com","robots":{"index":"index","follow":"follow","max-snippet":"max-snippet:-1","max-image-preview":"max-image-preview:large","max-video-preview":"max-video-preview:-1"},"canonical":"https:\/\/lemanskills.com\/pl\/moj-blog\/","og_locale":"pl_PL","og_type":"article","og_title":"Blog - Lemanskills.com","og_description":"Witaj na moim blogu! Wielcy liderzy ucz\u0105 nas cennych lekcji, kt\u00f3re mog\u0105 by\u0107 pot\u0119\u017cnym wsparciem w Twojej drodze leadershipowej. \u00a0 Chc\u0119 dzieli\u0107 si\u0119 z Tob\u0105 m\u0105dro\u015bci\u0105 i do\u015bwiadczeniem najlepszych, \u017ceby inspirowa\u0107 i pom\u00f3c Ci osi\u0105gn\u0105\u0107 pe\u0142en potencja\u0142 liderski. B\u0105d\u017a na bie\u017c\u0105co z najnowszymi trendami w zarz\u0105dzaniu zespo\u0142em, rozwi\u0105zywaniukonflikt\u00f3w i motywowaniu pracownik\u00f3w. A przede wszystkim \u2013 [&hellip;]","og_url":"https:\/\/lemanskills.com\/pl\/moj-blog\/","og_site_name":"Lemanskills.com","article_modified_time":"2024-04-30T12:39:36+00:00","og_image":[{"url":"https:\/\/lemanskills.com\/wp-content\/uploads\/5-Leaders-Challenges_PL_2023_06_07.png","type":"","width":"","height":""}],"twitter_card":"summary_large_image","twitter_misc":{"Szacowany czas czytania":"4 minuty"},"schema":{"@context":"https:\/\/schema.org","@graph":[{"@type":"WebPage","@id":"https:\/\/lemanskills.com\/pl\/moj-blog\/","url":"https:\/\/lemanskills.com\/pl\/moj-blog\/","name":"Blog - Lemanskills.com","isPartOf":{"@id":"https:\/\/lemanskills.com\/pl\/#website"},"primaryImageOfPage":{"@id":"https:\/\/lemanskills.com\/pl\/moj-blog\/#primaryimage"},"image":{"@id":"https:\/\/lemanskills.com\/pl\/moj-blog\/#primaryimage"},"thumbnailUrl":"https:\/\/lemanskills.com\/wp-content\/uploads\/5-Leaders-Challenges_PL_2023_06_07.png","datePublished":"2023-12-06T16:28:53+00:00","dateModified":"2024-04-30T12:39:36+00:00","breadcrumb":{"@id":"https:\/\/lemanskills.com\/pl\/moj-blog\/#breadcrumb"},"inLanguage":"pl-PL","potentialAction":[{"@type":"ReadAction","target":["https:\/\/lemanskills.com\/pl\/moj-blog\/"]}]},{"@type":"ImageObject","inLanguage":"pl-PL","@id":"https:\/\/lemanskills.com\/pl\/moj-blog\/#primaryimage","url":"https:\/\/lemanskills.com\/wp-content\/uploads\/5-Leaders-Challenges_PL_2023_06_07.png","contentUrl":"https:\/\/lemanskills.com\/wp-content\/uploads\/5-Leaders-Challenges_PL_2023_06_07.png"},{"@type":"BreadcrumbList","@id":"https:\/\/lemanskills.com\/pl\/moj-blog\/#breadcrumb","itemListElement":[{"@type":"ListItem","position":1,"name":"Strona g\u0142\u00f3wna","item":"https:\/\/lemanskills.com\/pl\/"},{"@type":"ListItem","position":2,"name":"Blog"}]},{"@type":"WebSite","@id":"https:\/\/lemanskills.com\/pl\/#website","url":"https:\/\/lemanskills.com\/pl\/","name":"Lemanskills.com","description":"","publisher":{"@id":"https:\/\/lemanskills.com\/pl\/#organization"},"potentialAction":[{"@type":"SearchAction","target":{"@type":"EntryPoint","urlTemplate":"https:\/\/lemanskills.com\/pl\/?s={search_term_string}"},"query-input":{"@type":"PropertyValueSpecification","valueRequired":true,"valueName":"search_term_string"}}],"inLanguage":"pl-PL"},{"@type":"Organization","@id":"https:\/\/lemanskills.com\/pl\/#organization","name":"Lemanskills.com","url":"https:\/\/lemanskills.com\/pl\/","logo":{"@type":"ImageObject","inLanguage":"pl-PL","@id":"https:\/\/lemanskills.com\/pl\/#\/schema\/logo\/image\/","url":"https:\/\/lemanskills.com\/wp-content\/uploads\/LemanSkills-Logo-Black.svg","contentUrl":"https:\/\/lemanskills.com\/wp-content\/uploads\/LemanSkills-Logo-Black.svg","width":3080,"height":812,"caption":"Lemanskills.com"},"image":{"@id":"https:\/\/lemanskills.com\/pl\/#\/schema\/logo\/image\/"}}]}},"_links":{"self":[{"href":"https:\/\/lemanskills.com\/pl\/wp-json\/wp\/v2\/pages\/3403","targetHints":{"allow":["GET"]}}],"collection":[{"href":"https:\/\/lemanskills.com\/pl\/wp-json\/wp\/v2\/pages"}],"about":[{"href":"https:\/\/lemanskills.com\/pl\/wp-json\/wp\/v2\/types\/page"}],"author":[{"embeddable":true,"href":"https:\/\/lemanskills.com\/pl\/wp-json\/wp\/v2\/users\/11"}],"replies":[{"embeddable":true,"href":"https:\/\/lemanskills.com\/pl\/wp-json\/wp\/v2\/comments?post=3403"}],"version-history":[{"count":21,"href":"https:\/\/lemanskills.com\/pl\/wp-json\/wp\/v2\/pages\/3403\/revisions"}],"predecessor-version":[{"id":3598,"href":"https:\/\/lemanskills.com\/pl\/wp-json\/wp\/v2\/pages\/3403\/revisions\/3598"}],"wp:attachment":[{"href":"https:\/\/lemanskills.com\/pl\/wp-json\/wp\/v2\/media?parent=3403"}],"curies":[{"name":"wp","href":"https:\/\/api.w.org\/{rel}","templated":true}]}}